{"id":10,"date":"2019-03-07T09:51:01","date_gmt":"2019-03-07T08:51:01","guid":{"rendered":"http:\/\/westphal-gmbh.staging-system.de\/?page_id=10"},"modified":"2025-02-18T12:31:45","modified_gmt":"2025-02-18T11:31:45","slug":"ueber-uns","status":"publish","type":"page","link":"https:\/\/www.westphal-gmbh.de\/de\/unternehmen\/ueber-uns\/","title":{"rendered":"\u00dcber uns"},"content":{"rendered":"\n<p><strong>Kundenn\u00e4he und Qualit\u00e4t sind unsere Leitlinien<\/strong><\/p>\n\n\n\n<p>\u201eMoment, da muss ich Sie verbinden \u2026\u201c. Diesen Satz sollen unsere Kunden am besten gar nicht h\u00f6ren. Wir sind ein kleines, schlagkr\u00e4ftiges Team und viele Mitarbeiter sind schon viele Jahre bei uns. Als Familienunternehmen halten wir nichts von B\u00fcrokratie. Wir legen Wert auf simple, nachvollziehbare Abl\u00e4ufe \u2013 auch im Rahmen unserer\u00a0<a href=\"https:\/\/www.westphal-gmbh.de\/pool\/downloads\/pdfcerticate_iso_9001.pdf\" target=\"_blank\" rel=\"noreferrer noopener\">I<\/a><a href=\"https:\/\/www.westphal-gmbh.de\/wp-content\/uploads\/ISO-HadiPlast-DE.pdf\" target=\"_blank\" rel=\"noreferrer noopener\">SO 9001 Zertifizierung<\/a>. Seit 2023 befinden wir uns im Verbund der Hadi-Plast Gruppe. Die Produktion findet bei unserem Schwesterunternehmen Hadi-Plast statt.<\/p>\n\n\n\n<p>Tests auf Schadstoffe ersparen wir Ihnen, da wir hier \u00fcber Eigenausk\u00fcnfte unserer Lieferanten verf\u00fcgen oder bei externen Instituten testen lassen und Ihnen diese Zertifikate zur Verf\u00fcgung stellen.<\/p>\n\n\n\n<p>Neben partnerschaftlichem Umgang mit unseren Kunden und Lieferanten legen wir Wert auf ein faires Miteinander mit unseren Mitarbeitern \u2013 diese sind der wichtigste Qualit\u00e4tsaspekt in unserem Unternehmen.<\/p>\n\n\n\n<p>Unser Unternehmen ist Mitglied im Zweirad-Industrie-Verband <a href=\"https:\/\/www.ziv-zweirad.de\">https:\/\/www.ziv-zweirad.de<\/a>  <\/p>\n","protected":false},"excerpt":{"rendered":"<p>Kundenn\u00e4he und Qualit\u00e4t sind unsere Leitlinien \u201eMoment, da muss ich Sie verbinden \u2026\u201c. Diesen Satz sollen unsere Kunden am besten gar nicht h\u00f6ren. Wir sind ein kleines, schlagkr\u00e4ftiges Team und viele Mitarbeiter sind schon viele Jahre bei uns. Als Familienunternehmen halten wir nichts von B\u00fcrokratie. Wir legen Wert auf simple, nachvollziehbare Abl\u00e4ufe \u2013 auch im [&hellip;]<\/p>\n","protected":false},"author":4,"featured_media":819,"parent":8,"menu_order":1,"comment_status":"closed","ping_status":"closed","template":"","meta":{"footnotes":""},"class_list":["post-10","page","type-page","status-publish","has-post-thumbnail","hentry"],"yoast_head":"<!-- This site is optimized with the Yoast SEO plugin v26.7 - https:\/\/yoast.com\/wordpress\/plugins\/seo\/ -->\n<title>\u00dcber uns - Westphal GmbH<\/title>\n<meta name=\"robots\" content=\"index, follow, max-snippet:-1, max-image-preview:large, max-video-preview:-1\" \/>\n<link rel=\"canonical\" href=\"https:\/\/www.westphal-gmbh.de\/de\/unternehmen\/ueber-uns\/\" \/>\n<meta property=\"og:locale\" content=\"de_DE\" \/>\n<meta property=\"og:type\" content=\"article\" \/>\n<meta property=\"og:title\" content=\"\u00dcber uns - Westphal GmbH\" \/>\n<meta property=\"og:description\" content=\"Kundenn\u00e4he und Qualit\u00e4t sind unsere Leitlinien \u201eMoment, da muss ich Sie verbinden \u2026\u201c. Diesen Satz sollen unsere Kunden am besten gar nicht h\u00f6ren. Wir sind ein kleines, schlagkr\u00e4ftiges Team und viele Mitarbeiter sind schon viele Jahre bei uns. Als Familienunternehmen halten wir nichts von B\u00fcrokratie. Wir legen Wert auf simple, nachvollziehbare Abl\u00e4ufe \u2013 auch im [&hellip;]\" \/>\n<meta property=\"og:url\" content=\"https:\/\/www.westphal-gmbh.de\/de\/unternehmen\/ueber-uns\/\" \/>\n<meta property=\"og:site_name\" content=\"Westphal GmbH\" \/>\n<meta property=\"article:modified_time\" content=\"2025-02-18T11:31:45+00:00\" \/>\n<meta property=\"og:image\" content=\"https:\/\/www.westphal-gmbh.de\/wp-content\/uploads\/AdobeStock_111451814_Visitenkarte.jpg\" \/>\n\t<meta property=\"og:image:width\" content=\"1285\" \/>\n\t<meta property=\"og:image:height\" content=\"528\" \/>\n\t<meta property=\"og:image:type\" content=\"image\/jpeg\" \/>\n<meta name=\"twitter:card\" content=\"summary_large_image\" \/>\n<meta name=\"twitter:label1\" content=\"Gesch\u00e4tzte Lesezeit\" \/>\n\t<meta name=\"twitter:data1\" content=\"1\u00a0Minute\" \/>\n<script type=\"application\/ld+json\" class=\"yoast-schema-graph\">{\"@context\":\"https:\/\/schema.org\",\"@graph\":[{\"@type\":\"WebPage\",\"@id\":\"https:\/\/www.westphal-gmbh.de\/de\/unternehmen\/ueber-uns\/\",\"url\":\"https:\/\/www.westphal-gmbh.de\/de\/unternehmen\/ueber-uns\/\",\"name\":\"\u00dcber uns - Westphal GmbH\",\"isPartOf\":{\"@id\":\"https:\/\/www.westphal-gmbh.de\/de\/#website\"},\"primaryImageOfPage\":{\"@id\":\"https:\/\/www.westphal-gmbh.de\/de\/unternehmen\/ueber-uns\/#primaryimage\"},\"image\":{\"@id\":\"https:\/\/www.westphal-gmbh.de\/de\/unternehmen\/ueber-uns\/#primaryimage\"},\"thumbnailUrl\":\"https:\/\/www.westphal-gmbh.de\/wp-content\/uploads\/AdobeStock_111451814_Visitenkarte.jpg\",\"datePublished\":\"2019-03-07T08:51:01+00:00\",\"dateModified\":\"2025-02-18T11:31:45+00:00\",\"breadcrumb\":{\"@id\":\"https:\/\/www.westphal-gmbh.de\/de\/unternehmen\/ueber-uns\/#breadcrumb\"},\"inLanguage\":\"de\",\"potentialAction\":[{\"@type\":\"ReadAction\",\"target\":[\"https:\/\/www.westphal-gmbh.de\/de\/unternehmen\/ueber-uns\/\"]}]},{\"@type\":\"ImageObject\",\"inLanguage\":\"de\",\"@id\":\"https:\/\/www.westphal-gmbh.de\/de\/unternehmen\/ueber-uns\/#primaryimage\",\"url\":\"https:\/\/www.westphal-gmbh.de\/wp-content\/uploads\/AdobeStock_111451814_Visitenkarte.jpg\",\"contentUrl\":\"https:\/\/www.westphal-gmbh.de\/wp-content\/uploads\/AdobeStock_111451814_Visitenkarte.jpg\",\"width\":1285,\"height\":528,\"caption\":\"Closeup Photo Man Showing Blank Craft Business Card and Using Modern Laptop Blurred Background. Mockup Ready for Private Information. Sunlight Reflections Screen Gadget. Horizontal mock up\"},{\"@type\":\"BreadcrumbList\",\"@id\":\"https:\/\/www.westphal-gmbh.de\/de\/unternehmen\/ueber-uns\/#breadcrumb\",\"itemListElement\":[{\"@type\":\"ListItem\",\"position\":1,\"name\":\"Startseite\",\"item\":\"https:\/\/www.westphal-gmbh.de\/de\/\"},{\"@type\":\"ListItem\",\"position\":2,\"name\":\"Unternehmen\",\"item\":\"https:\/\/www.westphal-gmbh.de\/de\/unternehmen\/\"},{\"@type\":\"ListItem\",\"position\":3,\"name\":\"\u00dcber uns\"}]},{\"@type\":\"WebSite\",\"@id\":\"https:\/\/www.westphal-gmbh.de\/de\/#website\",\"url\":\"https:\/\/www.westphal-gmbh.de\/de\/\",\"name\":\"Westphal GmbH\",\"description\":\"Alles aus Kunststoff\",\"potentialAction\":[{\"@type\":\"SearchAction\",\"target\":{\"@type\":\"EntryPoint\",\"urlTemplate\":\"https:\/\/www.westphal-gmbh.de\/de\/?s={search_term_string}\"},\"query-input\":{\"@type\":\"PropertyValueSpecification\",\"valueRequired\":true,\"valueName\":\"search_term_string\"}}],\"inLanguage\":\"de\"}]}<\/script>\n<!-- \/ Yoast SEO plugin. -->","yoast_head_json":{"title":"\u00dcber uns - Westphal GmbH","robots":{"index":"index","follow":"follow","max-snippet":"max-snippet:-1","max-image-preview":"max-image-preview:large","max-video-preview":"max-video-preview:-1"},"canonical":"https:\/\/www.westphal-gmbh.de\/de\/unternehmen\/ueber-uns\/","og_locale":"de_DE","og_type":"article","og_title":"\u00dcber uns - Westphal GmbH","og_description":"Kundenn\u00e4he und Qualit\u00e4t sind unsere Leitlinien \u201eMoment, da muss ich Sie verbinden \u2026\u201c. Diesen Satz sollen unsere Kunden am besten gar nicht h\u00f6ren. Wir sind ein kleines, schlagkr\u00e4ftiges Team und viele Mitarbeiter sind schon viele Jahre bei uns. Als Familienunternehmen halten wir nichts von B\u00fcrokratie. Wir legen Wert auf simple, nachvollziehbare Abl\u00e4ufe \u2013 auch im [&hellip;]","og_url":"https:\/\/www.westphal-gmbh.de\/de\/unternehmen\/ueber-uns\/","og_site_name":"Westphal GmbH","article_modified_time":"2025-02-18T11:31:45+00:00","og_image":[{"width":1285,"height":528,"url":"https:\/\/www.westphal-gmbh.de\/wp-content\/uploads\/AdobeStock_111451814_Visitenkarte.jpg","type":"image\/jpeg"}],"twitter_card":"summary_large_image","twitter_misc":{"Gesch\u00e4tzte Lesezeit":"1\u00a0Minute"},"schema":{"@context":"https:\/\/schema.org","@graph":[{"@type":"WebPage","@id":"https:\/\/www.westphal-gmbh.de\/de\/unternehmen\/ueber-uns\/","url":"https:\/\/www.westphal-gmbh.de\/de\/unternehmen\/ueber-uns\/","name":"\u00dcber uns - Westphal GmbH","isPartOf":{"@id":"https:\/\/www.westphal-gmbh.de\/de\/#website"},"primaryImageOfPage":{"@id":"https:\/\/www.westphal-gmbh.de\/de\/unternehmen\/ueber-uns\/#primaryimage"},"image":{"@id":"https:\/\/www.westphal-gmbh.de\/de\/unternehmen\/ueber-uns\/#primaryimage"},"thumbnailUrl":"https:\/\/www.westphal-gmbh.de\/wp-content\/uploads\/AdobeStock_111451814_Visitenkarte.jpg","datePublished":"2019-03-07T08:51:01+00:00","dateModified":"2025-02-18T11:31:45+00:00","breadcrumb":{"@id":"https:\/\/www.westphal-gmbh.de\/de\/unternehmen\/ueber-uns\/#breadcrumb"},"inLanguage":"de","potentialAction":[{"@type":"ReadAction","target":["https:\/\/www.westphal-gmbh.de\/de\/unternehmen\/ueber-uns\/"]}]},{"@type":"ImageObject","inLanguage":"de","@id":"https:\/\/www.westphal-gmbh.de\/de\/unternehmen\/ueber-uns\/#primaryimage","url":"https:\/\/www.westphal-gmbh.de\/wp-content\/uploads\/AdobeStock_111451814_Visitenkarte.jpg","contentUrl":"https:\/\/www.westphal-gmbh.de\/wp-content\/uploads\/AdobeStock_111451814_Visitenkarte.jpg","width":1285,"height":528,"caption":"Closeup Photo Man Showing Blank Craft Business Card and Using Modern Laptop Blurred Background. Mockup Ready for Private Information. Sunlight Reflections Screen Gadget. Horizontal mock up"},{"@type":"BreadcrumbList","@id":"https:\/\/www.westphal-gmbh.de\/de\/unternehmen\/ueber-uns\/#breadcrumb","itemListElement":[{"@type":"ListItem","position":1,"name":"Startseite","item":"https:\/\/www.westphal-gmbh.de\/de\/"},{"@type":"ListItem","position":2,"name":"Unternehmen","item":"https:\/\/www.westphal-gmbh.de\/de\/unternehmen\/"},{"@type":"ListItem","position":3,"name":"\u00dcber uns"}]},{"@type":"WebSite","@id":"https:\/\/www.westphal-gmbh.de\/de\/#website","url":"https:\/\/www.westphal-gmbh.de\/de\/","name":"Westphal GmbH","description":"Alles aus Kunststoff","potentialAction":[{"@type":"SearchAction","target":{"@type":"EntryPoint","urlTemplate":"https:\/\/www.westphal-gmbh.de\/de\/?s={search_term_string}"},"query-input":{"@type":"PropertyValueSpecification","valueRequired":true,"valueName":"search_term_string"}}],"inLanguage":"de"}]}},"_links":{"self":[{"href":"https:\/\/www.westphal-gmbh.de\/de\/wp-json\/wp\/v2\/pages\/10","targetHints":{"allow":["GET"]}}],"collection":[{"href":"https:\/\/www.westphal-gmbh.de\/de\/wp-json\/wp\/v2\/pages"}],"about":[{"href":"https:\/\/www.westphal-gmbh.de\/de\/wp-json\/wp\/v2\/types\/page"}],"author":[{"embeddable":true,"href":"https:\/\/www.westphal-gmbh.de\/de\/wp-json\/wp\/v2\/users\/4"}],"replies":[{"embeddable":true,"href":"https:\/\/www.westphal-gmbh.de\/de\/wp-json\/wp\/v2\/comments?post=10"}],"version-history":[{"count":14,"href":"https:\/\/www.westphal-gmbh.de\/de\/wp-json\/wp\/v2\/pages\/10\/revisions"}],"predecessor-version":[{"id":1549,"href":"https:\/\/www.westphal-gmbh.de\/de\/wp-json\/wp\/v2\/pages\/10\/revisions\/1549"}],"up":[{"embeddable":true,"href":"https:\/\/www.westphal-gmbh.de\/de\/wp-json\/wp\/v2\/pages\/8"}],"wp:featuredmedia":[{"embeddable":true,"href":"https:\/\/www.westphal-gmbh.de\/de\/wp-json\/wp\/v2\/media\/819"}],"wp:attachment":[{"href":"https:\/\/www.westphal-gmbh.de\/de\/wp-json\/wp\/v2\/media?parent=10"}],"curies":[{"name":"wp","href":"https:\/\/api.w.org\/{rel}","templated":true}]}}