{"id":14,"date":"2019-03-07T09:53:35","date_gmt":"2019-03-07T08:53:35","guid":{"rendered":"http:\/\/westphal-gmbh.staging-system.de\/?page_id=14"},"modified":"2023-06-28T15:38:46","modified_gmt":"2023-06-28T13:38:46","slug":"historie","status":"publish","type":"page","link":"https:\/\/www.westphal-gmbh.de\/de\/unternehmen\/historie\/","title":{"rendered":"Historie"},"content":{"rendered":"\n<p><strong>1950<\/strong><br>Unser Unternehmen wurde 1950 als Personengesellschaft mit Sitz in Bielefeld gegr\u00fcndet. Ursprung des Gesch\u00e4fts war die Anfertigung von Lederwaren f\u00fcr die&nbsp;Fahrrad-,&nbsp;Geschenk- und Werbemittelindustrie.<\/p>\n\n\n\n<p><strong>1969<\/strong><br>Ende der 1960er Jahre wurde der Firmensitz nach Leopoldsh\u00f6he verlegt. Hier wurden in den Folgejahren die aus Leder gefertigten Sattelanh\u00e4ngetaschen auch maschinell aus Kunststoff gefertigt: Dies war der erste Schritt in Richtung Kunststoffverarbeitung.<\/p>\n\n\n\n<p><strong>1999<\/strong><br>Bereits Ende der 90er Jahre hat das Thema Ergonomie immer gr\u00f6\u00dfere Bedeutung bei der Produktgestaltung gewonnen. Im April 1999 erhielten wir die&nbsp;<a href=\"https:\/\/www.westphal-gmbh.de\/wp-content\/uploads\/pdf_adac.pdf\" target=\"_blank\" rel=\"noreferrer noopener\" aria-label=\"Auszeichnung mit dem ADAC Modul (\u00f6ffnet in neuem Tab)\">Auszeichnung mit dem ADAC Modul<\/a>&nbsp;f\u00fcr den ergonomischen Griff Wings, der in Zusammenarbeit mit der Uni M\u00fcnster entstanden ist.<\/p>\n\n\n\n<p><strong>2000<\/strong><br>Im Jahr 2000 wurde die erste Zweikomponentenmaschine beschafft und ein entsprechendes Werkzeug zur Erstellung eines Griffes konstruiert.<\/p>\n\n\n\n<p><strong>2001<\/strong><br>Seit dem Jahr 2001 pflegt unser Unternehmen ein Qualit\u00e4tsmanagementsystem nach&nbsp;<a href=\"https:\/\/www.westphal-gmbh.de\/wp-content\/uploads\/Zertifikat-9001-D-bis-2025.pdf\">ISO 9001<\/a>.<\/p>\n\n\n\n<p><strong>2002<\/strong><br>2002 wurde die ehemalige Abteilung Werkzeugbau als eigenes Unternehmen gegr\u00fcndet. Mit unserem Partner Frank Strohdiek betreiben wir seitdem die&nbsp;<a href=\"http:\/\/www.strohdiek-bielefeld.de\/\">Strohdiek &amp; Co. GmbH<\/a>.<\/p>\n\n\n\n<p><strong>2009<\/strong><br>Anfang 2009 wurde der Firmensitz nach Bielefeld verlegt. Im neuen Geb\u00e4ude haben wir unseren Maschinenpark vergr\u00f6\u00dfert und vielf\u00e4ltige&nbsp;<a href=\"https:\/\/www.westphal-gmbh.de\/wp-content\/uploads\/2019-05-29-Ansicht_RessourcenschonendeProduktion_DE-1.pdf\">Umweltschutzma\u00dfnahmen<\/a>&nbsp;umgesetzt.<\/p>\n\n\n\n<p><strong>2010<\/strong><br>Heute verf\u00fcgt unser Unternehmen \u00fcber einen Maschinenpark von 18 Spritzgussmaschinen, mittels derer Produkte f\u00fcr die Fahrrad-, M\u00f6bel- und Orthop\u00e4dietechnik-Industrie hergestellt werden. Auch in 2K-Technologie. Wir d\u00fcrfen uns aber zu Recht immer noch \u201eLederwarenfabrik\u201c nennen. Das seit den 1950er Jahren existierende Taschenprogramm wird immer noch von Hand bei uns im Haus hergestellt.<\/p>\n\n\n\n<p>Das Unternehmen ist nach einem Eigent\u00fcmerwechsel Ende der 1980iger Jahre in 2. Generation im Familienbesitz.<\/p>\n\n\n\n<p><strong>2014<\/strong><br>Tobias Beermann kommt in die Gesch\u00e4ftsf\u00fchrung und erwirbt Firmenanteile.&nbsp;<br>Beginn der Einf\u00fchrung eines Energiemanagementsystems.<\/p>\n\n\n\n<p><strong>2016<br><\/strong>Unser Energiemanagementsystem ist vollst\u00e4ndig zertifiziert.<\/p>\n\n\n\n<p><strong>2017 \u2013 Projekt \u201eRessourceneffizienzberatungNRW\u201c:<\/strong> <br>Untersuchung von Abl\u00e4ufen und Stoffstr\u00f6men mit einer externen Beratung. Ziel ist es, die Effizienz im Stoff- und Strommanagement zu erh\u00f6hen und Abl\u00e4ufe zu vereinfachen<\/p>\n\n\n\n<p><strong>2018 \u2013 Umsetzung Ressourceneffizienzprojekt I.<\/strong> <br>Inbetriebnahme einer stromsparenden K\u00fchlanlage mit nat\u00fcrlichem K\u00e4ltemittel<\/p>\n\n\n\n<p><strong>2019 \u2013 Umsetzung Ressourceneffizienzprojekt II.<\/strong> <br>Anschaffung neue Kompressoranlage. Start Digitalisierungsprojekt <\/p>\n\n\n\n<p><strong>2020 <\/strong><br>Der neue Kompressor spart mehr als die H\u00e4lfte der bisherigen Energiekosten. Die Ergebnisse des Digitalisierungsprojekts helfen uns in der Corona-Pandemie<\/p>\n\n\n\n<p><strong>2023<\/strong><\/p>\n\n\n\n<p>Die Hadi-Plast Gruppe, H\u00f6velhof, erwirbt die westphal GmbH. Zwei starke Partner gehen gemeinsam in die Zukunft<\/p>\n","protected":false},"excerpt":{"rendered":"<p>1950Unser Unternehmen wurde 1950 als Personengesellschaft mit Sitz in Bielefeld gegr\u00fcndet. Ursprung des Gesch\u00e4fts war die Anfertigung von Lederwaren f\u00fcr die&nbsp;Fahrrad-,&nbsp;Geschenk- und Werbemittelindustrie. 1969Ende der 1960er Jahre wurde der Firmensitz nach Leopoldsh\u00f6he verlegt. Hier wurden in den Folgejahren die aus Leder gefertigten Sattelanh\u00e4ngetaschen auch maschinell aus Kunststoff gefertigt: Dies war der erste Schritt in Richtung [&hellip;]<\/p>\n","protected":false},"author":4,"featured_media":1155,"parent":8,"menu_order":3,"comment_status":"closed","ping_status":"closed","template":"","meta":{"footnotes":""},"class_list":["post-14","page","type-page","status-publish","has-post-thumbnail","hentry"],"yoast_head":"<!-- This site is optimized with the Yoast SEO plugin v26.7 - https:\/\/yoast.com\/wordpress\/plugins\/seo\/ -->\n<title>Historie - Westphal GmbH<\/title>\n<meta name=\"robots\" content=\"index, follow, max-snippet:-1, max-image-preview:large, max-video-preview:-1\" \/>\n<link rel=\"canonical\" href=\"https:\/\/www.westphal-gmbh.de\/de\/unternehmen\/historie\/\" \/>\n<meta property=\"og:locale\" content=\"de_DE\" \/>\n<meta property=\"og:type\" content=\"article\" \/>\n<meta property=\"og:title\" content=\"Historie - Westphal GmbH\" \/>\n<meta property=\"og:description\" content=\"1950Unser Unternehmen wurde 1950 als Personengesellschaft mit Sitz in Bielefeld gegr\u00fcndet. Ursprung des Gesch\u00e4fts war die Anfertigung von Lederwaren f\u00fcr die&nbsp;Fahrrad-,&nbsp;Geschenk- und Werbemittelindustrie. 1969Ende der 1960er Jahre wurde der Firmensitz nach Leopoldsh\u00f6he verlegt. Hier wurden in den Folgejahren die aus Leder gefertigten Sattelanh\u00e4ngetaschen auch maschinell aus Kunststoff gefertigt: Dies war der erste Schritt in Richtung [&hellip;]\" \/>\n<meta property=\"og:url\" content=\"https:\/\/www.westphal-gmbh.de\/de\/unternehmen\/historie\/\" \/>\n<meta property=\"og:site_name\" content=\"Westphal GmbH\" \/>\n<meta property=\"article:modified_time\" content=\"2023-06-28T13:38:46+00:00\" \/>\n<meta property=\"og:image\" content=\"https:\/\/www.westphal-gmbh.de\/wp-content\/uploads\/IMG_7593-1.jpg\" \/>\n\t<meta property=\"og:image:width\" content=\"1024\" \/>\n\t<meta property=\"og:image:height\" content=\"682\" \/>\n\t<meta property=\"og:image:type\" content=\"image\/jpeg\" \/>\n<meta name=\"twitter:card\" content=\"summary_large_image\" \/>\n<meta name=\"twitter:label1\" content=\"Gesch\u00e4tzte Lesezeit\" \/>\n\t<meta name=\"twitter:data1\" content=\"2\u00a0Minuten\" \/>\n<script type=\"application\/ld+json\" class=\"yoast-schema-graph\">{\"@context\":\"https:\/\/schema.org\",\"@graph\":[{\"@type\":\"WebPage\",\"@id\":\"https:\/\/www.westphal-gmbh.de\/de\/unternehmen\/historie\/\",\"url\":\"https:\/\/www.westphal-gmbh.de\/de\/unternehmen\/historie\/\",\"name\":\"Historie - Westphal GmbH\",\"isPartOf\":{\"@id\":\"https:\/\/www.westphal-gmbh.de\/de\/#website\"},\"primaryImageOfPage\":{\"@id\":\"https:\/\/www.westphal-gmbh.de\/de\/unternehmen\/historie\/#primaryimage\"},\"image\":{\"@id\":\"https:\/\/www.westphal-gmbh.de\/de\/unternehmen\/historie\/#primaryimage\"},\"thumbnailUrl\":\"https:\/\/www.westphal-gmbh.de\/wp-content\/uploads\/IMG_7593-1.jpg\",\"datePublished\":\"2019-03-07T08:53:35+00:00\",\"dateModified\":\"2023-06-28T13:38:46+00:00\",\"breadcrumb\":{\"@id\":\"https:\/\/www.westphal-gmbh.de\/de\/unternehmen\/historie\/#breadcrumb\"},\"inLanguage\":\"de\",\"potentialAction\":[{\"@type\":\"ReadAction\",\"target\":[\"https:\/\/www.westphal-gmbh.de\/de\/unternehmen\/historie\/\"]}]},{\"@type\":\"ImageObject\",\"inLanguage\":\"de\",\"@id\":\"https:\/\/www.westphal-gmbh.de\/de\/unternehmen\/historie\/#primaryimage\",\"url\":\"https:\/\/www.westphal-gmbh.de\/wp-content\/uploads\/IMG_7593-1.jpg\",\"contentUrl\":\"https:\/\/www.westphal-gmbh.de\/wp-content\/uploads\/IMG_7593-1.jpg\",\"width\":1024,\"height\":682},{\"@type\":\"BreadcrumbList\",\"@id\":\"https:\/\/www.westphal-gmbh.de\/de\/unternehmen\/historie\/#breadcrumb\",\"itemListElement\":[{\"@type\":\"ListItem\",\"position\":1,\"name\":\"Startseite\",\"item\":\"https:\/\/www.westphal-gmbh.de\/de\/\"},{\"@type\":\"ListItem\",\"position\":2,\"name\":\"Unternehmen\",\"item\":\"https:\/\/www.westphal-gmbh.de\/de\/unternehmen\/\"},{\"@type\":\"ListItem\",\"position\":3,\"name\":\"Historie\"}]},{\"@type\":\"WebSite\",\"@id\":\"https:\/\/www.westphal-gmbh.de\/de\/#website\",\"url\":\"https:\/\/www.westphal-gmbh.de\/de\/\",\"name\":\"Westphal GmbH\",\"description\":\"Alles aus Kunststoff\",\"potentialAction\":[{\"@type\":\"SearchAction\",\"target\":{\"@type\":\"EntryPoint\",\"urlTemplate\":\"https:\/\/www.westphal-gmbh.de\/de\/?s={search_term_string}\"},\"query-input\":{\"@type\":\"PropertyValueSpecification\",\"valueRequired\":true,\"valueName\":\"search_term_string\"}}],\"inLanguage\":\"de\"}]}<\/script>\n<!-- \/ Yoast SEO plugin. -->","yoast_head_json":{"title":"Historie - Westphal GmbH","robots":{"index":"index","follow":"follow","max-snippet":"max-snippet:-1","max-image-preview":"max-image-preview:large","max-video-preview":"max-video-preview:-1"},"canonical":"https:\/\/www.westphal-gmbh.de\/de\/unternehmen\/historie\/","og_locale":"de_DE","og_type":"article","og_title":"Historie - Westphal GmbH","og_description":"1950Unser Unternehmen wurde 1950 als Personengesellschaft mit Sitz in Bielefeld gegr\u00fcndet. Ursprung des Gesch\u00e4fts war die Anfertigung von Lederwaren f\u00fcr die&nbsp;Fahrrad-,&nbsp;Geschenk- und Werbemittelindustrie. 1969Ende der 1960er Jahre wurde der Firmensitz nach Leopoldsh\u00f6he verlegt. Hier wurden in den Folgejahren die aus Leder gefertigten Sattelanh\u00e4ngetaschen auch maschinell aus Kunststoff gefertigt: Dies war der erste Schritt in Richtung [&hellip;]","og_url":"https:\/\/www.westphal-gmbh.de\/de\/unternehmen\/historie\/","og_site_name":"Westphal GmbH","article_modified_time":"2023-06-28T13:38:46+00:00","og_image":[{"width":1024,"height":682,"url":"https:\/\/www.westphal-gmbh.de\/wp-content\/uploads\/IMG_7593-1.jpg","type":"image\/jpeg"}],"twitter_card":"summary_large_image","twitter_misc":{"Gesch\u00e4tzte Lesezeit":"2\u00a0Minuten"},"schema":{"@context":"https:\/\/schema.org","@graph":[{"@type":"WebPage","@id":"https:\/\/www.westphal-gmbh.de\/de\/unternehmen\/historie\/","url":"https:\/\/www.westphal-gmbh.de\/de\/unternehmen\/historie\/","name":"Historie - Westphal GmbH","isPartOf":{"@id":"https:\/\/www.westphal-gmbh.de\/de\/#website"},"primaryImageOfPage":{"@id":"https:\/\/www.westphal-gmbh.de\/de\/unternehmen\/historie\/#primaryimage"},"image":{"@id":"https:\/\/www.westphal-gmbh.de\/de\/unternehmen\/historie\/#primaryimage"},"thumbnailUrl":"https:\/\/www.westphal-gmbh.de\/wp-content\/uploads\/IMG_7593-1.jpg","datePublished":"2019-03-07T08:53:35+00:00","dateModified":"2023-06-28T13:38:46+00:00","breadcrumb":{"@id":"https:\/\/www.westphal-gmbh.de\/de\/unternehmen\/historie\/#breadcrumb"},"inLanguage":"de","potentialAction":[{"@type":"ReadAction","target":["https:\/\/www.westphal-gmbh.de\/de\/unternehmen\/historie\/"]}]},{"@type":"ImageObject","inLanguage":"de","@id":"https:\/\/www.westphal-gmbh.de\/de\/unternehmen\/historie\/#primaryimage","url":"https:\/\/www.westphal-gmbh.de\/wp-content\/uploads\/IMG_7593-1.jpg","contentUrl":"https:\/\/www.westphal-gmbh.de\/wp-content\/uploads\/IMG_7593-1.jpg","width":1024,"height":682},{"@type":"BreadcrumbList","@id":"https:\/\/www.westphal-gmbh.de\/de\/unternehmen\/historie\/#breadcrumb","itemListElement":[{"@type":"ListItem","position":1,"name":"Startseite","item":"https:\/\/www.westphal-gmbh.de\/de\/"},{"@type":"ListItem","position":2,"name":"Unternehmen","item":"https:\/\/www.westphal-gmbh.de\/de\/unternehmen\/"},{"@type":"ListItem","position":3,"name":"Historie"}]},{"@type":"WebSite","@id":"https:\/\/www.westphal-gmbh.de\/de\/#website","url":"https:\/\/www.westphal-gmbh.de\/de\/","name":"Westphal GmbH","description":"Alles aus Kunststoff","potentialAction":[{"@type":"SearchAction","target":{"@type":"EntryPoint","urlTemplate":"https:\/\/www.westphal-gmbh.de\/de\/?s={search_term_string}"},"query-input":{"@type":"PropertyValueSpecification","valueRequired":true,"valueName":"search_term_string"}}],"inLanguage":"de"}]}},"_links":{"self":[{"href":"https:\/\/www.westphal-gmbh.de\/de\/wp-json\/wp\/v2\/pages\/14","targetHints":{"allow":["GET"]}}],"collection":[{"href":"https:\/\/www.westphal-gmbh.de\/de\/wp-json\/wp\/v2\/pages"}],"about":[{"href":"https:\/\/www.westphal-gmbh.de\/de\/wp-json\/wp\/v2\/types\/page"}],"author":[{"embeddable":true,"href":"https:\/\/www.westphal-gmbh.de\/de\/wp-json\/wp\/v2\/users\/4"}],"replies":[{"embeddable":true,"href":"https:\/\/www.westphal-gmbh.de\/de\/wp-json\/wp\/v2\/comments?post=14"}],"version-history":[{"count":13,"href":"https:\/\/www.westphal-gmbh.de\/de\/wp-json\/wp\/v2\/pages\/14\/revisions"}],"predecessor-version":[{"id":1481,"href":"https:\/\/www.westphal-gmbh.de\/de\/wp-json\/wp\/v2\/pages\/14\/revisions\/1481"}],"up":[{"embeddable":true,"href":"https:\/\/www.westphal-gmbh.de\/de\/wp-json\/wp\/v2\/pages\/8"}],"wp:featuredmedia":[{"embeddable":true,"href":"https:\/\/www.westphal-gmbh.de\/de\/wp-json\/wp\/v2\/media\/1155"}],"wp:attachment":[{"href":"https:\/\/www.westphal-gmbh.de\/de\/wp-json\/wp\/v2\/media?parent=14"}],"curies":[{"name":"wp","href":"https:\/\/api.w.org\/{rel}","templated":true}]}}