{"id":20,"date":"2019-03-07T10:35:03","date_gmt":"2019-03-07T09:35:03","guid":{"rendered":"http:\/\/westphal-gmbh.staging-system.de\/?page_id=20"},"modified":"2019-08-30T08:29:59","modified_gmt":"2019-08-30T06:29:59","slug":"bezugsquellen","status":"publish","type":"page","link":"https:\/\/www.westphal-gmbh.de\/de\/produkte\/bezugsquellen\/","title":{"rendered":"Bezugsquellen"},"content":{"rendered":"\n<p><strong>Hier k\u00f6nnen Sie unsere Produkte kaufen<\/strong><\/p>\n\n\n\n<p>Wir vertreiben unsere Produkte nur an gewerbliche bzw. Industriekunden. Unsere Gro\u00dfhandelspartner f\u00fchren unsere Fahrradprodukte und Teile f\u00fcr die Reha-Industrie und nennen Ihnen gerne Einzelh\u00e4ndler und Bezugsquellen in Ihrer N\u00e4he:<\/p>\n\n\n\n<p><strong>Deutschland<\/strong><\/p>\n\n<table border=\"0\" style=\"width:100%\">\n\t<tr>\n\t\t<td style=\"width:50%\"><p><a href=\"http:\/\/www.bbf-bike.de\" target=\"_blank\" rel=\"noopener noreferrer\">www.bbf-bike.de<\/a><\/p><\/td>\n\t\t<td style=\"width:50%\"><img decoding=\"async\" src=\"https:\/\/www.westphal-gmbh.de\/wp-content\/uploads\/bbf_web-2.jpg\" style=\"max-width: 200px\"><\/td>\n\t<\/tr>\n<\/table>\n\n<hr\/>\n\n<table border=\"0\" style=\"width:100%\">\n\t<tr>\n\t\t<td style=\"width:50%\"><p><a href=\"https:\/\/www.boettcher-fahrraeder.de\" target=\"_blank\" rel=\"noopener noreferrer\">www.boettcher-fahrraeder.de<\/a><\/p><\/td>\n\t\t<td style=\"width:50%\"><img decoding=\"async\" src=\"https:\/\/www.westphal-gmbh.de\/wp-content\/uploads\/boettcher_web-1.jpg\" style=\"max-width: 200px\"><\/td>\n\t<\/tr>\n<\/table>\n\n<hr\/>\n\n<table border=\"0\" style=\"width:100%\">\n\t<tr>\n\t\t<td style=\"width:50%\"><p><a href=\"https:\/\/www.hartje.de\" target=\"_blank\" rel=\"noopener noreferrer\">www.hartje.de<\/a><\/p><\/td>\n\t\t<td style=\"width:50%\"><img decoding=\"async\" src=\"https:\/\/www.westphal-gmbh.de\/wp-content\/uploads\/hartje_web.jpg\" style=\"max-width: 200px\"><\/td>\n\t<\/tr>\n<\/table>\n\n<hr\/>\n\n<table border=\"0\" style=\"width:100%\">\n\t<tr>\n\t\t<td style=\"width:50%\"><p><a href=\"https:\/\/www.ra-co.de\" target=\"_blank\" rel=\"noopener noreferrer\">www.ra-co.de<\/a><\/p><\/td>\n\t\t<td style=\"width:50%\"><img decoding=\"async\" src=\"https:\/\/www.westphal-gmbh.de\/wp-content\/uploads\/raco_web.jpg\" style=\"max-width: 200px\"><\/td>\n\t<\/tr>\n<\/table>\n\n<hr\/>\n\n<table border=\"0\" style=\"width:100%\">\n\t<tr>\n\t\t<td style=\"width:50%\"><p><a href=\"https:\/\/www.mpb-pieper.de\" target=\"_blank\" rel=\"noopener noreferrer\">www.mpb-pieper.de<\/a><\/p><\/td>\n\t\t<td style=\"width:50%\"><img decoding=\"async\" src=\"https:\/\/www.westphal-gmbh.de\/wp-content\/uploads\/mbp_web.jpg\" style=\"max-width: 200px\"><\/td>\n\t<\/tr>\n<\/table>\n\n<hr\/>\n\n<table border=\"0\" style=\"width:100%\">\n\t<tr>\n\t\t<td style=\"width:50%\"><p><a href=\"https:\/\/www.zweiro.de\" target=\"_blank\" rel=\"noopener noreferrer\">www.zweiro.de<\/a><\/p><\/td>\n\t\t<td style=\"width:50%\"><img decoding=\"async\" src=\"https:\/\/www.westphal-gmbh.de\/wp-content\/uploads\/zweiro_web.jpg\" style=\"max-width: 200px\"><\/td>\n\t<\/tr>\n<\/table>\n\n<hr\/>\n\n<p><strong>Niederlande, Belgien und Luxemburg<\/strong><\/p>\n\n<table border=\"0\" style=\"width:100%\">\n\t<tr>\n\t\t<td style=\"width:50%\"><p><a href=\"https:\/\/www.buzaglo.nl\" target=\"_blank\" rel=\"noopener noreferrer\">www.buzaglo.nl<\/a><\/p><\/td>\n\t\t<td style=\"width:50%\"><img decoding=\"async\" src=\"https:\/\/www.westphal-gmbh.de\/wp-content\/uploads\/buzaglo_web.jpg\" style=\"max-width: 200px\"><\/td>\n\t<\/tr>\n<\/table>\n\n<hr\/>\n\n<p><strong>Polen<\/strong><\/p>\n\n<table border=\"0\" style=\"width:100%\">\n\t<tr>\n\t\t<td style=\"width:50%\"><p><a href=\"https:\/\/www.recomedic.com\" target=\"_blank\" rel=\"noopener noreferrer\">www.recomedic.com<\/a><\/p><\/td>\n\t\t<td style=\"width:50%\"><img decoding=\"async\" src=\"https:\/\/www.westphal-gmbh.de\/wp-content\/uploads\/recomedic_web.jpg\" style=\"max-width: 200px\"><\/td>\n\t<\/tr>\n<\/table>\n\n<hr\/>\n","protected":false},"excerpt":{"rendered":"<p>Hier k\u00f6nnen Sie unsere Produkte kaufen Wir vertreiben unsere Produkte nur an gewerbliche bzw. Industriekunden. Unsere Gro\u00dfhandelspartner f\u00fchren unsere Fahrradprodukte und Teile f\u00fcr die Reha-Industrie und nennen Ihnen gerne Einzelh\u00e4ndler und Bezugsquellen in Ihrer N\u00e4he: Deutschland www.bbf-bike.de www.boettcher-fahrraeder.de www.hartje.de www.ra-co.de www.mpb-pieper.de www.zweiro.de Niederlande, Belgien und Luxemburg www.buzaglo.nl Polen www.recomedic.com<\/p>\n","protected":false},"author":4,"featured_media":0,"parent":18,"menu_order":6,"comment_status":"closed","ping_status":"closed","template":"","meta":{"footnotes":""},"class_list":["post-20","page","type-page","status-publish","hentry"],"yoast_head":"<!-- This site is optimized with the Yoast SEO plugin v26.7 - https:\/\/yoast.com\/wordpress\/plugins\/seo\/ -->\n<title>Bezugsquellen - Westphal GmbH<\/title>\n<meta name=\"robots\" content=\"index, follow, max-snippet:-1, max-image-preview:large, max-video-preview:-1\" \/>\n<link rel=\"canonical\" href=\"https:\/\/www.westphal-gmbh.de\/de\/produkte\/bezugsquellen\/\" \/>\n<meta property=\"og:locale\" content=\"de_DE\" \/>\n<meta property=\"og:type\" content=\"article\" \/>\n<meta property=\"og:title\" content=\"Bezugsquellen - Westphal GmbH\" \/>\n<meta property=\"og:description\" content=\"Hier k\u00f6nnen Sie unsere Produkte kaufen Wir vertreiben unsere Produkte nur an gewerbliche bzw. Industriekunden. Unsere Gro\u00dfhandelspartner f\u00fchren unsere Fahrradprodukte und Teile f\u00fcr die Reha-Industrie und nennen Ihnen gerne Einzelh\u00e4ndler und Bezugsquellen in Ihrer N\u00e4he: Deutschland www.bbf-bike.de www.boettcher-fahrraeder.de www.hartje.de www.ra-co.de www.mpb-pieper.de www.zweiro.de Niederlande, Belgien und Luxemburg www.buzaglo.nl Polen www.recomedic.com\" \/>\n<meta property=\"og:url\" content=\"https:\/\/www.westphal-gmbh.de\/de\/produkte\/bezugsquellen\/\" \/>\n<meta property=\"og:site_name\" content=\"Westphal GmbH\" \/>\n<meta property=\"article:modified_time\" content=\"2019-08-30T06:29:59+00:00\" \/>\n<meta property=\"og:image\" content=\"https:\/\/www.westphal-gmbh.de\/wp-content\/uploads\/bbf_web-2.jpg\" \/>\n<meta name=\"twitter:card\" content=\"summary_large_image\" \/>\n<script type=\"application\/ld+json\" class=\"yoast-schema-graph\">{\"@context\":\"https:\/\/schema.org\",\"@graph\":[{\"@type\":\"WebPage\",\"@id\":\"https:\/\/www.westphal-gmbh.de\/de\/produkte\/bezugsquellen\/\",\"url\":\"https:\/\/www.westphal-gmbh.de\/de\/produkte\/bezugsquellen\/\",\"name\":\"Bezugsquellen - Westphal GmbH\",\"isPartOf\":{\"@id\":\"https:\/\/www.westphal-gmbh.de\/de\/#website\"},\"primaryImageOfPage\":{\"@id\":\"https:\/\/www.westphal-gmbh.de\/de\/produkte\/bezugsquellen\/#primaryimage\"},\"image\":{\"@id\":\"https:\/\/www.westphal-gmbh.de\/de\/produkte\/bezugsquellen\/#primaryimage\"},\"thumbnailUrl\":\"https:\/\/www.westphal-gmbh.de\/wp-content\/uploads\/bbf_web-2.jpg\",\"datePublished\":\"2019-03-07T09:35:03+00:00\",\"dateModified\":\"2019-08-30T06:29:59+00:00\",\"breadcrumb\":{\"@id\":\"https:\/\/www.westphal-gmbh.de\/de\/produkte\/bezugsquellen\/#breadcrumb\"},\"inLanguage\":\"de\",\"potentialAction\":[{\"@type\":\"ReadAction\",\"target\":[\"https:\/\/www.westphal-gmbh.de\/de\/produkte\/bezugsquellen\/\"]}]},{\"@type\":\"ImageObject\",\"inLanguage\":\"de\",\"@id\":\"https:\/\/www.westphal-gmbh.de\/de\/produkte\/bezugsquellen\/#primaryimage\",\"url\":\"https:\/\/www.westphal-gmbh.de\/wp-content\/uploads\/bbf_web-2.jpg\",\"contentUrl\":\"https:\/\/www.westphal-gmbh.de\/wp-content\/uploads\/bbf_web-2.jpg\"},{\"@type\":\"BreadcrumbList\",\"@id\":\"https:\/\/www.westphal-gmbh.de\/de\/produkte\/bezugsquellen\/#breadcrumb\",\"itemListElement\":[{\"@type\":\"ListItem\",\"position\":1,\"name\":\"Startseite\",\"item\":\"https:\/\/www.westphal-gmbh.de\/de\/\"},{\"@type\":\"ListItem\",\"position\":2,\"name\":\"Produkte\",\"item\":\"https:\/\/www.westphal-gmbh.de\/de\/produkte\/\"},{\"@type\":\"ListItem\",\"position\":3,\"name\":\"Bezugsquellen\"}]},{\"@type\":\"WebSite\",\"@id\":\"https:\/\/www.westphal-gmbh.de\/de\/#website\",\"url\":\"https:\/\/www.westphal-gmbh.de\/de\/\",\"name\":\"Westphal GmbH\",\"description\":\"Alles aus Kunststoff\",\"potentialAction\":[{\"@type\":\"SearchAction\",\"target\":{\"@type\":\"EntryPoint\",\"urlTemplate\":\"https:\/\/www.westphal-gmbh.de\/de\/?s={search_term_string}\"},\"query-input\":{\"@type\":\"PropertyValueSpecification\",\"valueRequired\":true,\"valueName\":\"search_term_string\"}}],\"inLanguage\":\"de\"}]}<\/script>\n<!-- \/ Yoast SEO plugin. -->","yoast_head_json":{"title":"Bezugsquellen - Westphal GmbH","robots":{"index":"index","follow":"follow","max-snippet":"max-snippet:-1","max-image-preview":"max-image-preview:large","max-video-preview":"max-video-preview:-1"},"canonical":"https:\/\/www.westphal-gmbh.de\/de\/produkte\/bezugsquellen\/","og_locale":"de_DE","og_type":"article","og_title":"Bezugsquellen - Westphal GmbH","og_description":"Hier k\u00f6nnen Sie unsere Produkte kaufen Wir vertreiben unsere Produkte nur an gewerbliche bzw. Industriekunden. Unsere Gro\u00dfhandelspartner f\u00fchren unsere Fahrradprodukte und Teile f\u00fcr die Reha-Industrie und nennen Ihnen gerne Einzelh\u00e4ndler und Bezugsquellen in Ihrer N\u00e4he: Deutschland www.bbf-bike.de www.boettcher-fahrraeder.de www.hartje.de www.ra-co.de www.mpb-pieper.de www.zweiro.de Niederlande, Belgien und Luxemburg www.buzaglo.nl Polen www.recomedic.com","og_url":"https:\/\/www.westphal-gmbh.de\/de\/produkte\/bezugsquellen\/","og_site_name":"Westphal GmbH","article_modified_time":"2019-08-30T06:29:59+00:00","og_image":[{"url":"https:\/\/www.westphal-gmbh.de\/wp-content\/uploads\/bbf_web-2.jpg","type":"","width":"","height":""}],"twitter_card":"summary_large_image","schema":{"@context":"https:\/\/schema.org","@graph":[{"@type":"WebPage","@id":"https:\/\/www.westphal-gmbh.de\/de\/produkte\/bezugsquellen\/","url":"https:\/\/www.westphal-gmbh.de\/de\/produkte\/bezugsquellen\/","name":"Bezugsquellen - Westphal GmbH","isPartOf":{"@id":"https:\/\/www.westphal-gmbh.de\/de\/#website"},"primaryImageOfPage":{"@id":"https:\/\/www.westphal-gmbh.de\/de\/produkte\/bezugsquellen\/#primaryimage"},"image":{"@id":"https:\/\/www.westphal-gmbh.de\/de\/produkte\/bezugsquellen\/#primaryimage"},"thumbnailUrl":"https:\/\/www.westphal-gmbh.de\/wp-content\/uploads\/bbf_web-2.jpg","datePublished":"2019-03-07T09:35:03+00:00","dateModified":"2019-08-30T06:29:59+00:00","breadcrumb":{"@id":"https:\/\/www.westphal-gmbh.de\/de\/produkte\/bezugsquellen\/#breadcrumb"},"inLanguage":"de","potentialAction":[{"@type":"ReadAction","target":["https:\/\/www.westphal-gmbh.de\/de\/produkte\/bezugsquellen\/"]}]},{"@type":"ImageObject","inLanguage":"de","@id":"https:\/\/www.westphal-gmbh.de\/de\/produkte\/bezugsquellen\/#primaryimage","url":"https:\/\/www.westphal-gmbh.de\/wp-content\/uploads\/bbf_web-2.jpg","contentUrl":"https:\/\/www.westphal-gmbh.de\/wp-content\/uploads\/bbf_web-2.jpg"},{"@type":"BreadcrumbList","@id":"https:\/\/www.westphal-gmbh.de\/de\/produkte\/bezugsquellen\/#breadcrumb","itemListElement":[{"@type":"ListItem","position":1,"name":"Startseite","item":"https:\/\/www.westphal-gmbh.de\/de\/"},{"@type":"ListItem","position":2,"name":"Produkte","item":"https:\/\/www.westphal-gmbh.de\/de\/produkte\/"},{"@type":"ListItem","position":3,"name":"Bezugsquellen"}]},{"@type":"WebSite","@id":"https:\/\/www.westphal-gmbh.de\/de\/#website","url":"https:\/\/www.westphal-gmbh.de\/de\/","name":"Westphal GmbH","description":"Alles aus Kunststoff","potentialAction":[{"@type":"SearchAction","target":{"@type":"EntryPoint","urlTemplate":"https:\/\/www.westphal-gmbh.de\/de\/?s={search_term_string}"},"query-input":{"@type":"PropertyValueSpecification","valueRequired":true,"valueName":"search_term_string"}}],"inLanguage":"de"}]}},"_links":{"self":[{"href":"https:\/\/www.westphal-gmbh.de\/de\/wp-json\/wp\/v2\/pages\/20","targetHints":{"allow":["GET"]}}],"collection":[{"href":"https:\/\/www.westphal-gmbh.de\/de\/wp-json\/wp\/v2\/pages"}],"about":[{"href":"https:\/\/www.westphal-gmbh.de\/de\/wp-json\/wp\/v2\/types\/page"}],"author":[{"embeddable":true,"href":"https:\/\/www.westphal-gmbh.de\/de\/wp-json\/wp\/v2\/users\/4"}],"replies":[{"embeddable":true,"href":"https:\/\/www.westphal-gmbh.de\/de\/wp-json\/wp\/v2\/comments?post=20"}],"version-history":[{"count":43,"href":"https:\/\/www.westphal-gmbh.de\/de\/wp-json\/wp\/v2\/pages\/20\/revisions"}],"predecessor-version":[{"id":998,"href":"https:\/\/www.westphal-gmbh.de\/de\/wp-json\/wp\/v2\/pages\/20\/revisions\/998"}],"up":[{"embeddable":true,"href":"https:\/\/www.westphal-gmbh.de\/de\/wp-json\/wp\/v2\/pages\/18"}],"wp:attachment":[{"href":"https:\/\/www.westphal-gmbh.de\/de\/wp-json\/wp\/v2\/media?parent=20"}],"curies":[{"name":"wp","href":"https:\/\/api.w.org\/{rel}","templated":true}]}}