{"id":42,"date":"2019-03-07T10:44:22","date_gmt":"2019-03-07T09:44:22","guid":{"rendered":"http:\/\/westphal-gmbh.staging-system.de\/?page_id=42"},"modified":"2020-11-11T10:24:01","modified_gmt":"2020-11-11T09:24:01","slug":"taschen","status":"publish","type":"page","link":"https:\/\/www.westphal-gmbh.de\/de\/produkte\/taschen\/","title":{"rendered":"Taschen"},"content":{"rendered":"\n<p>Handgen\u00e4hte Sattelanh\u00e4ngetaschen waren 1950 unsere ersten Produkte. Sp\u00e4ter kamen Modelle aus Kunststoff dazu. Wir sind stolz, dass die historischen Modelle immer noch von Hand bei uns in Bielefeld gefertigt werden. Bei dem Material Lefa handelt es sich um hochwertiges Kunstleder aus dem Hause <a href=\"https:\/\/www.salamanderbl.com\/de\/Willkommen\">Salamander<\/a>.<\/p>\n\n\n\n<p><\/p>\n","protected":false},"excerpt":{"rendered":"<p>Handgen\u00e4hte Sattelanh\u00e4ngetaschen waren 1950 unsere ersten Produkte. Sp\u00e4ter kamen Modelle aus Kunststoff dazu. Wir sind stolz, dass die historischen Modelle immer noch von Hand bei uns in Bielefeld gefertigt werden. Bei dem Material Lefa handelt es sich um hochwertiges Kunstleder aus dem Hause Salamander.<\/p>\n","protected":false},"author":4,"featured_media":0,"parent":18,"menu_order":3,"comment_status":"closed","ping_status":"closed","template":"","meta":{"footnotes":""},"class_list":["post-42","page","type-page","status-publish","hentry"],"yoast_head":"<!-- This site is optimized with the Yoast SEO plugin v26.7 - https:\/\/yoast.com\/wordpress\/plugins\/seo\/ -->\n<title>Taschen - Westphal GmbH<\/title>\n<meta name=\"robots\" content=\"index, follow, max-snippet:-1, max-image-preview:large, max-video-preview:-1\" \/>\n<link rel=\"canonical\" href=\"https:\/\/www.westphal-gmbh.de\/de\/produkte\/taschen\/\" \/>\n<meta property=\"og:locale\" content=\"de_DE\" \/>\n<meta property=\"og:type\" content=\"article\" \/>\n<meta property=\"og:title\" content=\"Taschen - Westphal GmbH\" \/>\n<meta property=\"og:description\" content=\"Handgen\u00e4hte Sattelanh\u00e4ngetaschen waren 1950 unsere ersten Produkte. Sp\u00e4ter kamen Modelle aus Kunststoff dazu. Wir sind stolz, dass die historischen Modelle immer noch von Hand bei uns in Bielefeld gefertigt werden. Bei dem Material Lefa handelt es sich um hochwertiges Kunstleder aus dem Hause Salamander.\" \/>\n<meta property=\"og:url\" content=\"https:\/\/www.westphal-gmbh.de\/de\/produkte\/taschen\/\" \/>\n<meta property=\"og:site_name\" content=\"Westphal GmbH\" \/>\n<meta property=\"article:modified_time\" content=\"2020-11-11T09:24:01+00:00\" \/>\n<meta name=\"twitter:card\" content=\"summary_large_image\" \/>\n<script type=\"application\/ld+json\" class=\"yoast-schema-graph\">{\"@context\":\"https:\/\/schema.org\",\"@graph\":[{\"@type\":\"WebPage\",\"@id\":\"https:\/\/www.westphal-gmbh.de\/de\/produkte\/taschen\/\",\"url\":\"https:\/\/www.westphal-gmbh.de\/de\/produkte\/taschen\/\",\"name\":\"Taschen - Westphal GmbH\",\"isPartOf\":{\"@id\":\"https:\/\/www.westphal-gmbh.de\/de\/#website\"},\"datePublished\":\"2019-03-07T09:44:22+00:00\",\"dateModified\":\"2020-11-11T09:24:01+00:00\",\"breadcrumb\":{\"@id\":\"https:\/\/www.westphal-gmbh.de\/de\/produkte\/taschen\/#breadcrumb\"},\"inLanguage\":\"de\",\"potentialAction\":[{\"@type\":\"ReadAction\",\"target\":[\"https:\/\/www.westphal-gmbh.de\/de\/produkte\/taschen\/\"]}]},{\"@type\":\"BreadcrumbList\",\"@id\":\"https:\/\/www.westphal-gmbh.de\/de\/produkte\/taschen\/#breadcrumb\",\"itemListElement\":[{\"@type\":\"ListItem\",\"position\":1,\"name\":\"Startseite\",\"item\":\"https:\/\/www.westphal-gmbh.de\/de\/\"},{\"@type\":\"ListItem\",\"position\":2,\"name\":\"Produkte\",\"item\":\"https:\/\/www.westphal-gmbh.de\/de\/produkte\/\"},{\"@type\":\"ListItem\",\"position\":3,\"name\":\"Taschen\"}]},{\"@type\":\"WebSite\",\"@id\":\"https:\/\/www.westphal-gmbh.de\/de\/#website\",\"url\":\"https:\/\/www.westphal-gmbh.de\/de\/\",\"name\":\"Westphal GmbH\",\"description\":\"Alles aus Kunststoff\",\"potentialAction\":[{\"@type\":\"SearchAction\",\"target\":{\"@type\":\"EntryPoint\",\"urlTemplate\":\"https:\/\/www.westphal-gmbh.de\/de\/?s={search_term_string}\"},\"query-input\":{\"@type\":\"PropertyValueSpecification\",\"valueRequired\":true,\"valueName\":\"search_term_string\"}}],\"inLanguage\":\"de\"}]}<\/script>\n<!-- \/ Yoast SEO plugin. -->","yoast_head_json":{"title":"Taschen - Westphal GmbH","robots":{"index":"index","follow":"follow","max-snippet":"max-snippet:-1","max-image-preview":"max-image-preview:large","max-video-preview":"max-video-preview:-1"},"canonical":"https:\/\/www.westphal-gmbh.de\/de\/produkte\/taschen\/","og_locale":"de_DE","og_type":"article","og_title":"Taschen - Westphal GmbH","og_description":"Handgen\u00e4hte Sattelanh\u00e4ngetaschen waren 1950 unsere ersten Produkte. Sp\u00e4ter kamen Modelle aus Kunststoff dazu. Wir sind stolz, dass die historischen Modelle immer noch von Hand bei uns in Bielefeld gefertigt werden. Bei dem Material Lefa handelt es sich um hochwertiges Kunstleder aus dem Hause Salamander.","og_url":"https:\/\/www.westphal-gmbh.de\/de\/produkte\/taschen\/","og_site_name":"Westphal GmbH","article_modified_time":"2020-11-11T09:24:01+00:00","twitter_card":"summary_large_image","schema":{"@context":"https:\/\/schema.org","@graph":[{"@type":"WebPage","@id":"https:\/\/www.westphal-gmbh.de\/de\/produkte\/taschen\/","url":"https:\/\/www.westphal-gmbh.de\/de\/produkte\/taschen\/","name":"Taschen - Westphal GmbH","isPartOf":{"@id":"https:\/\/www.westphal-gmbh.de\/de\/#website"},"datePublished":"2019-03-07T09:44:22+00:00","dateModified":"2020-11-11T09:24:01+00:00","breadcrumb":{"@id":"https:\/\/www.westphal-gmbh.de\/de\/produkte\/taschen\/#breadcrumb"},"inLanguage":"de","potentialAction":[{"@type":"ReadAction","target":["https:\/\/www.westphal-gmbh.de\/de\/produkte\/taschen\/"]}]},{"@type":"BreadcrumbList","@id":"https:\/\/www.westphal-gmbh.de\/de\/produkte\/taschen\/#breadcrumb","itemListElement":[{"@type":"ListItem","position":1,"name":"Startseite","item":"https:\/\/www.westphal-gmbh.de\/de\/"},{"@type":"ListItem","position":2,"name":"Produkte","item":"https:\/\/www.westphal-gmbh.de\/de\/produkte\/"},{"@type":"ListItem","position":3,"name":"Taschen"}]},{"@type":"WebSite","@id":"https:\/\/www.westphal-gmbh.de\/de\/#website","url":"https:\/\/www.westphal-gmbh.de\/de\/","name":"Westphal GmbH","description":"Alles aus Kunststoff","potentialAction":[{"@type":"SearchAction","target":{"@type":"EntryPoint","urlTemplate":"https:\/\/www.westphal-gmbh.de\/de\/?s={search_term_string}"},"query-input":{"@type":"PropertyValueSpecification","valueRequired":true,"valueName":"search_term_string"}}],"inLanguage":"de"}]}},"_links":{"self":[{"href":"https:\/\/www.westphal-gmbh.de\/de\/wp-json\/wp\/v2\/pages\/42","targetHints":{"allow":["GET"]}}],"collection":[{"href":"https:\/\/www.westphal-gmbh.de\/de\/wp-json\/wp\/v2\/pages"}],"about":[{"href":"https:\/\/www.westphal-gmbh.de\/de\/wp-json\/wp\/v2\/types\/page"}],"author":[{"embeddable":true,"href":"https:\/\/www.westphal-gmbh.de\/de\/wp-json\/wp\/v2\/users\/4"}],"replies":[{"embeddable":true,"href":"https:\/\/www.westphal-gmbh.de\/de\/wp-json\/wp\/v2\/comments?post=42"}],"version-history":[{"count":6,"href":"https:\/\/www.westphal-gmbh.de\/de\/wp-json\/wp\/v2\/pages\/42\/revisions"}],"predecessor-version":[{"id":1225,"href":"https:\/\/www.westphal-gmbh.de\/de\/wp-json\/wp\/v2\/pages\/42\/revisions\/1225"}],"up":[{"embeddable":true,"href":"https:\/\/www.westphal-gmbh.de\/de\/wp-json\/wp\/v2\/pages\/18"}],"wp:attachment":[{"href":"https:\/\/www.westphal-gmbh.de\/de\/wp-json\/wp\/v2\/media?parent=42"}],"curies":[{"name":"wp","href":"https:\/\/api.w.org\/{rel}","templated":true}]}}